{"id":28,"date":"2023-10-29T20:24:55","date_gmt":"2023-10-29T20:24:55","guid":{"rendered":"https:\/\/babettedehaas.nl\/?page_id=28"},"modified":"2023-10-29T20:39:37","modified_gmt":"2023-10-29T20:39:37","slug":"my-work","status":"publish","type":"page","link":"https:\/\/babettedehaas.nl\/?page_id=28","title":{"rendered":"my work"},"content":{"rendered":"\n<div style=\"height:67px\" aria-hidden=\"true\" class=\"wp-block-spacer\"><\/div>\n\n\n\n<h2 class=\"wp-block-heading\" id=\"block-3f982ea6-c80c-4339-a2d3-fc160a85e7ce\">werkervaring<\/h2>\n\n\n\n<div class=\"wp-block-columns is-layout-flex wp-container-core-columns-is-layout-28f84493 wp-block-columns-is-layout-flex\">\n<div class=\"wp-block-column is-layout-flow wp-block-column-is-layout-flow\">\n<h4 class=\"wp-block-heading\" id=\"block-3fc7e260-5281-44b8-919a-b5fb1e64acaf\">Concept creator<\/h4>\n\n\n\n<p class=\"has-small-font-size\" id=\"block-a30aebaf-ed9d-4f1c-8152-2c8078a4722d\">oktober 2021 &#8211; heden<\/p>\n\n\n\n<p class=\"has-small-font-size\" id=\"block-b55f7d20-5b68-4f3f-a074-3c0dfcc3e15f\">Bij Tasty Lemon ben ik verantwoordelijk voor het cre\u00ebren van concepten en creatieve strategie\u00ebn.<\/p>\n<\/div>\n\n\n\n<div class=\"wp-block-column is-layout-flow wp-block-column-is-layout-flow\">\n<h4 class=\"wp-block-heading\" id=\"block-0d771119-addc-4429-8249-2a5375706bbe\">Marketing assistant<\/h4>\n\n\n\n<p class=\"has-small-font-size\" id=\"block-52ee2b1e-2a96-4d5d-bfd1-165aeb9d8067\">januari 2021 &#8211; oktober 2021<\/p>\n\n\n\n<p class=\"has-small-font-size\" id=\"block-7d0c12bc-4327-4c3e-bbaf-f16cc417a5f2\">Na mijn afstudeerscriptie geschreven te hebben bij Bom, heb ik hier een baan aangeboden gekregen om de gemaakte strategie uit te rollen.<\/p>\n<\/div>\n\n\n\n<div class=\"wp-block-column is-layout-flow wp-block-column-is-layout-flow\">\n<h4 class=\"wp-block-heading\" id=\"block-6a073ccb-6860-44e8-9a60-60771397022e\">Afstudeerstage BOM<\/h4>\n\n\n\n<p class=\"has-small-font-size\" id=\"block-e297bac0-4aa3-4e2b-a074-cf8f3ac3dce5\">augustus 2020 &#8211; januari 2021<\/p>\n\n\n\n<p class=\"has-small-font-size\" id=\"block-adff7701-6974-44a2-beb2-4380b9188d3d\">Bom Engineering is een ingenieursbureau wat voornamelijk speciaal machinebouw ontwerpt. Om het proces van vraag en aanbod om te draaien, is het Bom Research and Innovation Center (BRIC) geopend. Gedurende mijn afstuderen hield ik me bezig met het positioneren en naar de markt brengen van dit centrum.<\/p>\n<\/div>\n<\/div>\n\n\n\n<div style=\"height:31px\" aria-hidden=\"true\" class=\"wp-block-spacer\"><\/div>\n\n\n\n<div class=\"wp-block-columns is-layout-flex wp-container-core-columns-is-layout-28f84493 wp-block-columns-is-layout-flex\">\n<div class=\"wp-block-column is-layout-flow wp-block-column-is-layout-flow\">\n<h4 class=\"wp-block-heading\" id=\"block-cfe8efc7-b1a4-4f82-bd00-04ae84798b3a\">Marketing Alpro<\/h4>\n\n\n\n<p class=\"has-small-font-size\" id=\"block-6928f517-350a-4e3d-8a04-ae9b4c3da495\">januari 2020 &#8211; april 2020<\/p>\n\n\n\n<p class=\"has-small-font-size\" id=\"block-ea98a430-f10e-4174-b4fe-5a3442ce9b88\">Na mijn stage bij Alpro heb ik een part-time baan aangeboden gekregen. Met veel plezier co\u00f6rdineerde ik met \u00e9\u00e9n collega de aanwezigheid van Alpro op het Amsterdam Coffee Festival, wat voor hen een mooie kans was. Helaas hoorden we tijdens de opbouw op 11 maart, dat het niet door kon gaan wegens de opkomst van het corona virus. Het kleine jaar bij Alpro heeft bijgedragen aan mijn project management skills en professionaliteit op de werkvloer.<\/p>\n<\/div>\n\n\n\n<div class=\"wp-block-column is-layout-flow wp-block-column-is-layout-flow\">\n<h4 class=\"wp-block-heading\" id=\"block-d87f331d-b8e8-415b-b0c7-dae3b8fb7e9e\">Stage Alpro<\/h4>\n\n\n\n<p class=\"has-small-font-size\" id=\"block-7fb469b2-9f36-4481-a54d-2494caac74d7\">augustus 2019 &#8211; januari 2020<\/p>\n\n\n\n<p class=\"has-small-font-size\" id=\"block-57a8e2fd-12a6-4ccb-bf53-00ca6d14c21b\">Alpro is de plantaardige business unit binnen Danone. Het is de Europese pionier en marktleider op gebied van plantaardige drinks en voedingsproducten. Alpro merkte dat zij een sterke poot aan de grond hadden op gebied van alternatieven voor drinks en yoghurt. Ze stonden minder sterk in de plantbased coffee scene en hier was een innovatieve oplossing voor nodig, om marktleider te blijven. In deze periode onderging Alpro een rebranding, wat mij enorm interesseerde.<\/p>\n<\/div>\n\n\n\n<div class=\"wp-block-column is-layout-flow wp-block-column-is-layout-flow\">\n<h3 class=\"wp-block-heading\" id=\"block-ab87adae-f866-4b72-9a95-660742c43a42\">Allround medewerker<\/h3>\n\n\n\n<p class=\"has-small-font-size\" id=\"block-c2c647e3-7a89-4593-892e-2476ec84be21\">Zomer 2017 &#8211; heden<\/p>\n\n\n\n<p class=\"has-small-font-size\" id=\"block-25b4602b-961f-4103-8cd4-38ab20fba892\">Bij het reclamebureau &#8216;Haas Reklame&#8217; werk ik als allround medewerker. Dit werk varieert van folie klaarmaken en kleding persen tot klussen op locatie.<\/p>\n<\/div>\n<\/div>\n\n\n\n<div style=\"height:20px\" aria-hidden=\"true\" class=\"wp-block-spacer\"><\/div>\n\n\n\n<div class=\"wp-block-columns is-layout-flex wp-container-core-columns-is-layout-28f84493 wp-block-columns-is-layout-flex\">\n<div class=\"wp-block-column is-layout-flow wp-block-column-is-layout-flow\" style=\"flex-basis:33.33%\">\n<h4 class=\"wp-block-heading\" id=\"block-09edcb18-9623-4c00-8a77-cc0056b51f4b\">Stage Bottomlines<\/h4>\n\n\n\n<p class=\"has-small-font-size\" id=\"block-18e5555d-41a1-434d-9d56-56ed2bddd2b5\">januari 2019 &#8211; juni 2019<\/p>\n\n\n\n<p class=\"has-small-font-size\" id=\"block-4884c2e8-dd9f-4e1a-8f7c-1018007a7d7a\">Bottomlines is een bedrijf die andere bedrijven helpt doorgroeien door het bieden van financi\u00eble inzichten. De innovatie challenge die ik hier uitvoerde, bood een oplossing om startups gemakkelijk op te kunnen zetten.<\/p>\n<\/div>\n\n\n\n<div class=\"wp-block-column is-layout-flow wp-block-column-is-layout-flow\" style=\"flex-basis:66.66%\">\n<figure class=\"wp-block-image size-large is-resized\"><img fetchpriority=\"high\" decoding=\"async\" width=\"1024\" height=\"680\" src=\"https:\/\/babettedehaas.nl\/wp-content\/uploads\/2023\/09\/foto-1024x680.webp\" alt=\"\" class=\"wp-image-12\" style=\"aspect-ratio:1.5058823529411764;width:616px;height:auto\" srcset=\"https:\/\/babettedehaas.nl\/wp-content\/uploads\/2023\/09\/foto-1024x680.webp 1024w, https:\/\/babettedehaas.nl\/wp-content\/uploads\/2023\/09\/foto-300x199.webp 300w, https:\/\/babettedehaas.nl\/wp-content\/uploads\/2023\/09\/foto-768x510.webp 768w, https:\/\/babettedehaas.nl\/wp-content\/uploads\/2023\/09\/foto-1536x1020.webp 1536w, https:\/\/babettedehaas.nl\/wp-content\/uploads\/2023\/09\/foto.webp 1774w\" sizes=\"(max-width: 1024px) 100vw, 1024px\" \/><\/figure>\n<\/div>\n<\/div>\n\n\n\n<ul class=\"wp-block-social-links is-layout-flex wp-block-social-links-is-layout-flex\"><\/ul>\n","protected":false},"excerpt":{"rendered":"<p>werkervaring Concept creator oktober 2021 &#8211; heden Bij Tasty Lemon ben ik verantwoordelijk voor het cre\u00ebren van concepten en creatieve [&hellip;]<\/p>\n","protected":false},"author":1,"featured_media":0,"parent":46,"menu_order":0,"comment_status":"closed","ping_status":"closed","template":"","meta":{"site-sidebar-layout":"default","site-content-layout":"","ast-site-content-layout":"","site-content-style":"default","site-sidebar-style":"default","ast-global-header-display":"","ast-banner-title-visibility":"","ast-main-header-display":"","ast-hfb-above-header-display":"","ast-hfb-below-header-display":"","ast-hfb-mobile-header-display":"","site-post-title":"","ast-breadcrumbs-content":"","ast-featured-img":"","footer-sml-layout":"","theme-transparent-header-meta":"","adv-header-id-meta":"","stick-header-meta":"","header-above-stick-meta":"","header-main-stick-meta":"","header-below-stick-meta":"","astra-migrate-meta-layouts":"default","ast-page-background-enabled":"default","ast-page-background-meta":{"desktop":{"background-color":"var(--ast-global-color-4)","background-image":"","background-repeat":"repeat","background-position":"center center","background-size":"auto","background-attachment":"scroll","background-type":"","background-media":"","overlay-type":"","overlay-color":"","overlay-opacity":"","overlay-gradient":""},"tablet":{"background-color":"","background-image":"","background-repeat":"repeat","background-position":"center center","background-size":"auto","background-attachment":"scroll","background-type":"","background-media":"","overlay-type":"","overlay-color":"","overlay-opacity":"","overlay-gradient":""},"mobile":{"background-color":"","background-image":"","background-repeat":"repeat","background-position":"center center","background-size":"auto","background-attachment":"scroll","background-type":"","background-media":"","overlay-type":"","overlay-color":"","overlay-opacity":"","overlay-gradient":""}},"ast-content-background-meta":{"desktop":{"background-color":"var(--ast-global-color-5)","background-image":"","background-repeat":"repeat","background-position":"center center","background-size":"auto","background-attachment":"scroll","background-type":"","background-media":"","overlay-type":"","overlay-color":"","overlay-opacity":"","overlay-gradient":""},"tablet":{"background-color":"var(--ast-global-color-5)","background-image":"","background-repeat":"repeat","background-position":"center center","background-size":"auto","background-attachment":"scroll","background-type":"","background-media":"","overlay-type":"","overlay-color":"","overlay-opacity":"","overlay-gradient":""},"mobile":{"background-color":"var(--ast-global-color-5)","background-image":"","background-repeat":"repeat","background-position":"center center","background-size":"auto","background-attachment":"scroll","background-type":"","background-media":"","overlay-type":"","overlay-color":"","overlay-opacity":"","overlay-gradient":""}},"footnotes":""},"class_list":["post-28","page","type-page","status-publish","hentry"],"yoast_head":"<!-- This site is optimized with the Yoast SEO plugin v23.2 - https:\/\/yoast.com\/wordpress\/plugins\/seo\/ -->\n<title>my work - Babette<\/title>\n<meta name=\"robots\" content=\"index, follow, max-snippet:-1, max-image-preview:large, max-video-preview:-1\" \/>\n<link rel=\"canonical\" href=\"https:\/\/babettedehaas.nl\/?page_id=28\" \/>\n<meta property=\"og:locale\" content=\"nl_NL\" \/>\n<meta property=\"og:type\" content=\"article\" \/>\n<meta property=\"og:title\" content=\"my work - Babette\" \/>\n<meta property=\"og:description\" content=\"werkervaring Concept creator oktober 2021 &#8211; heden Bij Tasty Lemon ben ik verantwoordelijk voor het cre\u00ebren van concepten en creatieve [&hellip;]\" \/>\n<meta property=\"og:url\" content=\"https:\/\/babettedehaas.nl\/?page_id=28\" \/>\n<meta property=\"og:site_name\" content=\"Babette\" \/>\n<meta property=\"article:modified_time\" content=\"2023-10-29T20:39:37+00:00\" \/>\n<meta property=\"og:image\" content=\"https:\/\/babettedehaas.nl\/wp-content\/uploads\/2023\/09\/foto-1024x680.webp\" \/>\n<meta name=\"twitter:card\" content=\"summary_large_image\" \/>\n<meta name=\"twitter:label1\" content=\"Geschatte leestijd\" \/>\n\t<meta name=\"twitter:data1\" content=\"2 minuten\" \/>\n<script type=\"application\/ld+json\" class=\"yoast-schema-graph\">{\"@context\":\"https:\/\/schema.org\",\"@graph\":[{\"@type\":\"WebPage\",\"@id\":\"https:\/\/babettedehaas.nl\/?page_id=28\",\"url\":\"https:\/\/babettedehaas.nl\/?page_id=28\",\"name\":\"my work - Babette\",\"isPartOf\":{\"@id\":\"https:\/\/babettedehaas.nl\/#website\"},\"primaryImageOfPage\":{\"@id\":\"https:\/\/babettedehaas.nl\/?page_id=28#primaryimage\"},\"image\":{\"@id\":\"https:\/\/babettedehaas.nl\/?page_id=28#primaryimage\"},\"thumbnailUrl\":\"https:\/\/babettedehaas.nl\/wp-content\/uploads\/2023\/09\/foto-1024x680.webp\",\"datePublished\":\"2023-10-29T20:24:55+00:00\",\"dateModified\":\"2023-10-29T20:39:37+00:00\",\"breadcrumb\":{\"@id\":\"https:\/\/babettedehaas.nl\/?page_id=28#breadcrumb\"},\"inLanguage\":\"nl-NL\",\"potentialAction\":[{\"@type\":\"ReadAction\",\"target\":[\"https:\/\/babettedehaas.nl\/?page_id=28\"]}]},{\"@type\":\"ImageObject\",\"inLanguage\":\"nl-NL\",\"@id\":\"https:\/\/babettedehaas.nl\/?page_id=28#primaryimage\",\"url\":\"https:\/\/babettedehaas.nl\/wp-content\/uploads\/2023\/09\/foto.webp\",\"contentUrl\":\"https:\/\/babettedehaas.nl\/wp-content\/uploads\/2023\/09\/foto.webp\",\"width\":1774,\"height\":1178},{\"@type\":\"BreadcrumbList\",\"@id\":\"https:\/\/babettedehaas.nl\/?page_id=28#breadcrumb\",\"itemListElement\":[{\"@type\":\"ListItem\",\"position\":1,\"name\":\"Home\",\"item\":\"https:\/\/babettedehaas.nl\/\"},{\"@type\":\"ListItem\",\"position\":2,\"name\":\"Curriculum vitae\",\"item\":\"https:\/\/babettedehaas.nl\/?page_id=46\"},{\"@type\":\"ListItem\",\"position\":3,\"name\":\"my work\"}]},{\"@type\":\"WebSite\",\"@id\":\"https:\/\/babettedehaas.nl\/#website\",\"url\":\"https:\/\/babettedehaas.nl\/\",\"name\":\"Babette\",\"description\":\"\",\"potentialAction\":[{\"@type\":\"SearchAction\",\"target\":{\"@type\":\"EntryPoint\",\"urlTemplate\":\"https:\/\/babettedehaas.nl\/?s={search_term_string}\"},\"query-input\":\"required name=search_term_string\"}],\"inLanguage\":\"nl-NL\"}]}<\/script>\n<!-- \/ Yoast SEO plugin. -->","yoast_head_json":{"title":"my work - Babette","robots":{"index":"index","follow":"follow","max-snippet":"max-snippet:-1","max-image-preview":"max-image-preview:large","max-video-preview":"max-video-preview:-1"},"canonical":"https:\/\/babettedehaas.nl\/?page_id=28","og_locale":"nl_NL","og_type":"article","og_title":"my work - Babette","og_description":"werkervaring Concept creator oktober 2021 &#8211; heden Bij Tasty Lemon ben ik verantwoordelijk voor het cre\u00ebren van concepten en creatieve [&hellip;]","og_url":"https:\/\/babettedehaas.nl\/?page_id=28","og_site_name":"Babette","article_modified_time":"2023-10-29T20:39:37+00:00","og_image":[{"url":"https:\/\/babettedehaas.nl\/wp-content\/uploads\/2023\/09\/foto-1024x680.webp"}],"twitter_card":"summary_large_image","twitter_misc":{"Geschatte leestijd":"2 minuten"},"schema":{"@context":"https:\/\/schema.org","@graph":[{"@type":"WebPage","@id":"https:\/\/babettedehaas.nl\/?page_id=28","url":"https:\/\/babettedehaas.nl\/?page_id=28","name":"my work - Babette","isPartOf":{"@id":"https:\/\/babettedehaas.nl\/#website"},"primaryImageOfPage":{"@id":"https:\/\/babettedehaas.nl\/?page_id=28#primaryimage"},"image":{"@id":"https:\/\/babettedehaas.nl\/?page_id=28#primaryimage"},"thumbnailUrl":"https:\/\/babettedehaas.nl\/wp-content\/uploads\/2023\/09\/foto-1024x680.webp","datePublished":"2023-10-29T20:24:55+00:00","dateModified":"2023-10-29T20:39:37+00:00","breadcrumb":{"@id":"https:\/\/babettedehaas.nl\/?page_id=28#breadcrumb"},"inLanguage":"nl-NL","potentialAction":[{"@type":"ReadAction","target":["https:\/\/babettedehaas.nl\/?page_id=28"]}]},{"@type":"ImageObject","inLanguage":"nl-NL","@id":"https:\/\/babettedehaas.nl\/?page_id=28#primaryimage","url":"https:\/\/babettedehaas.nl\/wp-content\/uploads\/2023\/09\/foto.webp","contentUrl":"https:\/\/babettedehaas.nl\/wp-content\/uploads\/2023\/09\/foto.webp","width":1774,"height":1178},{"@type":"BreadcrumbList","@id":"https:\/\/babettedehaas.nl\/?page_id=28#breadcrumb","itemListElement":[{"@type":"ListItem","position":1,"name":"Home","item":"https:\/\/babettedehaas.nl\/"},{"@type":"ListItem","position":2,"name":"Curriculum vitae","item":"https:\/\/babettedehaas.nl\/?page_id=46"},{"@type":"ListItem","position":3,"name":"my work"}]},{"@type":"WebSite","@id":"https:\/\/babettedehaas.nl\/#website","url":"https:\/\/babettedehaas.nl\/","name":"Babette","description":"","potentialAction":[{"@type":"SearchAction","target":{"@type":"EntryPoint","urlTemplate":"https:\/\/babettedehaas.nl\/?s={search_term_string}"},"query-input":"required name=search_term_string"}],"inLanguage":"nl-NL"}]}},"_links":{"self":[{"href":"https:\/\/babettedehaas.nl\/index.php?rest_route=\/wp\/v2\/pages\/28","targetHints":{"allow":["GET"]}}],"collection":[{"href":"https:\/\/babettedehaas.nl\/index.php?rest_route=\/wp\/v2\/pages"}],"about":[{"href":"https:\/\/babettedehaas.nl\/index.php?rest_route=\/wp\/v2\/types\/page"}],"author":[{"embeddable":true,"href":"https:\/\/babettedehaas.nl\/index.php?rest_route=\/wp\/v2\/users\/1"}],"replies":[{"embeddable":true,"href":"https:\/\/babettedehaas.nl\/index.php?rest_route=%2Fwp%2Fv2%2Fcomments&post=28"}],"version-history":[{"count":4,"href":"https:\/\/babettedehaas.nl\/index.php?rest_route=\/wp\/v2\/pages\/28\/revisions"}],"predecessor-version":[{"id":73,"href":"https:\/\/babettedehaas.nl\/index.php?rest_route=\/wp\/v2\/pages\/28\/revisions\/73"}],"up":[{"embeddable":true,"href":"https:\/\/babettedehaas.nl\/index.php?rest_route=\/wp\/v2\/pages\/46"}],"wp:attachment":[{"href":"https:\/\/babettedehaas.nl\/index.php?rest_route=%2Fwp%2Fv2%2Fmedia&parent=28"}],"curies":[{"name":"wp","href":"https:\/\/api.w.org\/{rel}","templated":true}]}}